{"id":396,"date":"2024-10-13T22:32:35","date_gmt":"2024-10-13T20:32:35","guid":{"rendered":"http:\/\/laraazul.de\/?page_id=396"},"modified":"2024-10-14T14:36:23","modified_gmt":"2024-10-14T12:36:23","slug":"chthonia","status":"publish","type":"page","link":"https:\/\/laraazul.de\/en\/chthonia\/","title":{"rendered":"Chthonia"},"content":{"rendered":"<p>[et_pb_section fb_built=&#8220;1&#8243; _builder_version=&#8220;4.27.2&#8243; _module_preset=&#8220;default&#8220; global_colors_info=&#8220;{}&#8220; theme_builder_area=&#8220;post_content&#8220;][et_pb_row _builder_version=&#8220;4.27.2&#8243; _module_preset=&#8220;default&#8220; global_colors_info=&#8220;{}&#8220; theme_builder_area=&#8220;post_content&#8220;][et_pb_column type=&#8220;4_4&#8243; _builder_version=&#8220;4.27.2&#8243; _module_preset=&#8220;default&#8220; global_colors_info=&#8220;{}&#8220; theme_builder_area=&#8220;post_content&#8220;][et_pb_text _builder_version=&#8220;4.27.2&#8243; _module_preset=&#8220;default&#8220; text_font=&#8220;&#8211;et_global_heading_font||||||||&#8220; text_text_color=&#8220;#002875&#8243; text_font_size=&#8220;30px&#8220; hover_enabled=&#8220;0&#8243; global_colors_info=&#8220;{}&#8220; theme_builder_area=&#8220;post_content&#8220; sticky_enabled=&#8220;0&#8243;]<\/p>\n<p class=\"p1\">Chtonia<\/p>\n<p>[\/et_pb_text][et_pb_text _builder_version=&#8220;4.27.2&#8243; _module_preset=&#8220;default&#8220; text_font=&#8220;&#8211;et_global_body_font||||||||&#8220; text_text_color=&#8220;#080708&#8243; text_font_size=&#8220;20px&#8220; hover_enabled=&#8220;0&#8243; global_colors_info=&#8220;{}&#8220; theme_builder_area=&#8220;post_content&#8220; sticky_enabled=&#8220;0&#8243;]<\/p>\n<p class=\"p1\">2018<br \/>Fina Art print on Hahnym\u00fchle Rag Baryta on Alu Dibond<br \/>122 x 111 cm<\/p>\n<p>[\/et_pb_text][\/et_pb_column][\/et_pb_row][et_pb_row column_structure=&#8220;1_2,1_2&#8243; _builder_version=&#8220;4.27.2&#8243; _module_preset=&#8220;default&#8220; global_colors_info=&#8220;{}&#8220; theme_builder_area=&#8220;post_content&#8220;][et_pb_column type=&#8220;1_2&#8243; _builder_version=&#8220;4.27.2&#8243; _module_preset=&#8220;default&#8220; global_colors_info=&#8220;{}&#8220; theme_builder_area=&#8220;post_content&#8220;][et_pb_image src=&#8220;http:\/\/laraazul.de\/wp-content\/uploads\/2024\/10\/Portfolio-GODsDOGs_Chtonia_72.jpg&#8220; title_text=&#8220;Chtonia, 2018&#8243; _builder_version=&#8220;4.27.2&#8243; _module_preset=&#8220;default&#8220; hover_enabled=&#8220;0&#8243; global_colors_info=&#8220;{}&#8220; theme_builder_area=&#8220;post_content&#8220; sticky_enabled=&#8220;0&#8243;][\/et_pb_image][et_pb_image src=&#8220;http:\/\/laraazul.de\/wp-content\/uploads\/2024\/10\/bitchMAT_Doku_Lea_72-40.jpg&#8220; _builder_version=&#8220;4.27.2&#8243; _module_preset=&#8220;default&#8220; theme_builder_area=&#8220;post_content&#8220; title_text=&#8220;bitchMAT_Doku_Lea_72-40&#8243; hover_enabled=&#8220;0&#8243; sticky_enabled=&#8220;0&#8243;][\/et_pb_image][\/et_pb_column][et_pb_column type=&#8220;1_2&#8243; _builder_version=&#8220;4.27.2&#8243; _module_preset=&#8220;default&#8220; global_colors_info=&#8220;{}&#8220; theme_builder_area=&#8220;post_content&#8220;][et_pb_text _builder_version=&#8220;4.27.2&#8243; _module_preset=&#8220;default&#8220; hover_enabled=&#8220;0&#8243; global_colors_info=&#8220;{}&#8220; theme_builder_area=&#8220;post_content&#8220; sticky_enabled=&#8220;0&#8243;]<\/p>\n<p>In Greek mythology, Chthonic deities represent gods who bring death as well as those who give life and fertility. The mother goddess Demeter is also worshipped as Chthonia Thea. The posture of the protagonists is also reminiscent of the depiction of the Indian goddess Kali and combines the supposedly incompatible:<\/p>\n<p>This mother-to-be is neither a-sexual nor merely receptive. She is the creator of life and oscillates between dominatrix and goddess. Despite the BDSM setup and the extreme choice of colors, the image is carried by a deep harmony and loving devotion.<\/p>\n<p>Artistic concatenation: different artistic genres are experienced one after the other in the creative process: performance becomes photography becomes light painting becomes work.<\/p>\n<p>[\/et_pb_text][et_pb_image src=&#8220;http:\/\/laraazul.de\/wp-content\/uploads\/2024\/10\/1.png&#8220; title_text=&#8220;Galerie Monica Ruppert, 2024&#8243; _builder_version=&#8220;4.27.2&#8243; _module_preset=&#8220;default&#8220; hover_enabled=&#8220;0&#8243; global_colors_info=&#8220;{}&#8220; theme_builder_area=&#8220;post_content&#8220; sticky_enabled=&#8220;0&#8243;][\/et_pb_image][et_pb_image src=&#8220;http:\/\/laraazul.de\/wp-content\/uploads\/2024\/10\/LM24_Schloss-Biesdorf_Traumaland_062-scaled.jpg&#8220; title_text=&#8220;Aliothea, 2012 by Linus Muellerschoen&#8220; _builder_version=&#8220;4.27.2&#8243; _module_preset=&#8220;default&#8220; hover_enabled=&#8220;0&#8243; global_colors_info=&#8220;{}&#8220; theme_builder_area=&#8220;post_content&#8220; sticky_enabled=&#8220;0&#8243;][\/et_pb_image][\/et_pb_column][\/et_pb_row][\/et_pb_section]<\/p>","protected":false},"excerpt":{"rendered":"<p>Chtonia2018Fina Art print auf Hahnymu\u0308hle Rag Baryta auf Alu Dibond122 x 111 cmChthonische Gottheiten repr\u00e4sentieren in der griechischen Mythologie tod bringenden G\u00f6tter als auch jene, die Leben und Fruchtbarkeit spenden. Auch die Mutterg\u00f6ttin Demeter wird als Chthonia Thea verehrt. Die K\u00f6rperhaltung der Protagonisten erinnert gleichzeitig an die Darstellung der indischen G\u00f6ttin Kali und verbindet das [&hellip;]<\/p>","protected":false},"author":1,"featured_media":0,"parent":0,"menu_order":0,"comment_status":"closed","ping_status":"closed","template":"","meta":{"_et_pb_use_builder":"on","_et_pb_old_content":"<!-- wp:divi\/placeholder \/-->","_et_gb_content_width":"","footnotes":""},"class_list":["post-396","page","type-page","status-publish","hentry"],"_links":{"self":[{"href":"https:\/\/laraazul.de\/en\/wp-json\/wp\/v2\/pages\/396","targetHints":{"allow":["GET"]}}],"collection":[{"href":"https:\/\/laraazul.de\/en\/wp-json\/wp\/v2\/pages"}],"about":[{"href":"https:\/\/laraazul.de\/en\/wp-json\/wp\/v2\/types\/page"}],"author":[{"embeddable":true,"href":"https:\/\/laraazul.de\/en\/wp-json\/wp\/v2\/users\/1"}],"replies":[{"embeddable":true,"href":"https:\/\/laraazul.de\/en\/wp-json\/wp\/v2\/comments?post=396"}],"version-history":[{"count":3,"href":"https:\/\/laraazul.de\/en\/wp-json\/wp\/v2\/pages\/396\/revisions"}],"predecessor-version":[{"id":495,"href":"https:\/\/laraazul.de\/en\/wp-json\/wp\/v2\/pages\/396\/revisions\/495"}],"wp:attachment":[{"href":"https:\/\/laraazul.de\/en\/wp-json\/wp\/v2\/media?parent=396"}],"curies":[{"name":"wp","href":"https:\/\/api.w.org\/{rel}","templated":true}]}}