{"id":399,"date":"2024-10-13T22:36:05","date_gmt":"2024-10-13T20:36:05","guid":{"rendered":"http:\/\/laraazul.de\/?page_id=399"},"modified":"2024-10-14T14:45:44","modified_gmt":"2024-10-14T12:45:44","slug":"true-grit","status":"publish","type":"page","link":"https:\/\/laraazul.de\/en\/true-grit\/","title":{"rendered":"True Grit"},"content":{"rendered":"<p>[et_pb_section fb_built=&#8220;1&#8243; _builder_version=&#8220;4.27.2&#8243; _module_preset=&#8220;default&#8220; global_colors_info=&#8220;{}&#8220; theme_builder_area=&#8220;post_content&#8220;][et_pb_row _builder_version=&#8220;4.27.2&#8243; _module_preset=&#8220;default&#8220; global_colors_info=&#8220;{}&#8220; theme_builder_area=&#8220;post_content&#8220;][et_pb_column type=&#8220;4_4&#8243; _builder_version=&#8220;4.27.2&#8243; _module_preset=&#8220;default&#8220; global_colors_info=&#8220;{}&#8220; theme_builder_area=&#8220;post_content&#8220;][et_pb_text _builder_version=&#8220;4.27.2&#8243; _module_preset=&#8220;default&#8220; text_font=&#8220;&#8211;et_global_heading_font||||||||&#8220; text_text_color=&#8220;#002875&#8243; text_font_size=&#8220;30px&#8220; hover_enabled=&#8220;0&#8243; global_colors_info=&#8220;{}&#8220; theme_builder_area=&#8220;post_content&#8220; sticky_enabled=&#8220;0&#8243;]<\/p>\n<p class=\"p1\">True Grit<\/p>\n<p>[\/et_pb_text][et_pb_text _builder_version=&#8220;4.27.2&#8243; _module_preset=&#8220;default&#8220; text_font=&#8220;&#8211;et_global_body_font||||||||&#8220; text_text_color=&#8220;#080708&#8243; text_font_size=&#8220;20px&#8220; hover_enabled=&#8220;0&#8243; global_colors_info=&#8220;{}&#8220; theme_builder_area=&#8220;post_content&#8220; sticky_enabled=&#8220;0&#8243;]<\/p>\n<p class=\"p1\">2020<br \/>Digital photo print on Hahnem\u00fchle<br \/>Museum Etching Paper on Alu Dibond<br \/>220 x 106 cm<\/p>\n<p class=\"p1\">[\/et_pb_text][\/et_pb_column][\/et_pb_row][et_pb_row column_structure=&#8220;1_2,1_2&#8243; _builder_version=&#8220;4.27.2&#8243; _module_preset=&#8220;default&#8220; global_colors_info=&#8220;{}&#8220; theme_builder_area=&#8220;post_content&#8220;][et_pb_column type=&#8220;1_2&#8243; _builder_version=&#8220;4.27.2&#8243; _module_preset=&#8220;default&#8220; global_colors_info=&#8220;{}&#8220; theme_builder_area=&#8220;post_content&#8220;][et_pb_image src=&#8220;http:\/\/laraazul.de\/wp-content\/uploads\/2024\/10\/LM24_Schloss-Biesdorf_Traumaland_065-1-scaled.jpg&#8220; title_text=&#8220;LM24_Schloss Biesdorf_Traumaland_065&#8243; _builder_version=&#8220;4.27.2&#8243; _module_preset=&#8220;default&#8220; hover_enabled=&#8220;0&#8243; global_colors_info=&#8220;{}&#8220; theme_builder_area=&#8220;post_content&#8220; sticky_enabled=&#8220;0&#8243;][\/et_pb_image][\/et_pb_column][et_pb_column type=&#8220;1_2&#8243; _builder_version=&#8220;4.27.2&#8243; _module_preset=&#8220;default&#8220; global_colors_info=&#8220;{}&#8220; theme_builder_area=&#8220;post_content&#8220;][et_pb_text _builder_version=&#8220;4.27.2&#8243; _module_preset=&#8220;default&#8220; hover_enabled=&#8220;0&#8243; global_colors_info=&#8220;{}&#8220; theme_builder_area=&#8220;post_content&#8220; sticky_enabled=&#8220;0&#8243;]<\/p>\n<p><span style=\"font-weight: 400;\">By partially overexposing and underexposing the original photograph, color reversals are created in which parts of the image appear positive and others negative. This \u201cdisturbance\u201d creates surreal color changes that lend the image a fantastic and haunting atmosphere. This creates an intermediate space between photographic realism and painterly fiction that seduces the viewer into a poetic, dreamlike world.<\/span><\/p>\n<p><span style=\"font-weight: 400;\">Der Titel \u201eTrue Grit\u201c k\u00f6nnte mit \u201ewahrer Schneid\u201c \u00fcbersetzt werden und zitiert einen Film, in dem ein M\u00e4dchen auszieht, das Unrecht, welches ihrer Familie angetan wurde, zu r\u00e4chen und stellt die Frage inwieweit S\u00fchne befriedigt und bei der Bew\u00e4ltigung von Traumata hilfreich sein kann.<\/span><\/p>\n<p>The subject of \u201cTrue Grit\u201d is difficult to decipher - the photograph actually shows the protagonist sitting in the forest and breastfeeding her baby.<\/p>\n<p>Curator Mark Gisbourne describes the picturesque photographic works as modern fairy tales - an enchanting phantasmagoria:<\/p>\n<p>\u201eDie psychedelischen Aspekte verwandeln die Bildbanner in eine Art malerische und bet\u00f6rende Phantasmagorie, (...) die visuellen Effekte verst\u00e4rken nur noch das Gef\u00fchl, ein modernes M\u00e4rchen zu erleben.\u201c<\/p>\n<p>[\/et_pb_text][et_pb_image src=&#8220;http:\/\/laraazul.de\/wp-content\/uploads\/2024\/10\/GDsDGs_True-Grit-492&#215;1024-1.jpeg&#8220; title_text=&#8220;True Grit, 2020&#8243; _builder_version=&#8220;4.27.2&#8243; _module_preset=&#8220;default&#8220; hover_enabled=&#8220;0&#8243; global_colors_info=&#8220;{}&#8220; theme_builder_area=&#8220;post_content&#8220; sticky_enabled=&#8220;0&#8243;][\/et_pb_image][\/et_pb_column][\/et_pb_row][\/et_pb_section]<\/p>","protected":false},"excerpt":{"rendered":"<p>True Grit2020Digitaler Fotodruck auf Hahnemu\u0308hleMuseums Etching Paper auf Alu Dibond220 x 106 cm Durch partielle \u00dcber- und Unterbelichtung der urspr\u00fcnglichen Fotografie entstehen farbliche Umkehrungen, bei denen Teile des Bildes positiv und andere negativ erscheinen. Diese \u201eSt\u00f6rung\u201c erzeugt surreale Farbver\u00e4nderungen, die dem Bild eine fantastische und eindringliche Atmosph\u00e4re verleihen. Damit entsteht ein Zwischenraum binnen fotografischem Realismus [&hellip;]<\/p>","protected":false},"author":1,"featured_media":0,"parent":0,"menu_order":0,"comment_status":"closed","ping_status":"closed","template":"","meta":{"_et_pb_use_builder":"on","_et_pb_old_content":"<!-- wp:divi\/placeholder \/-->","_et_gb_content_width":"","footnotes":""},"class_list":["post-399","page","type-page","status-publish","hentry"],"_links":{"self":[{"href":"https:\/\/laraazul.de\/en\/wp-json\/wp\/v2\/pages\/399","targetHints":{"allow":["GET"]}}],"collection":[{"href":"https:\/\/laraazul.de\/en\/wp-json\/wp\/v2\/pages"}],"about":[{"href":"https:\/\/laraazul.de\/en\/wp-json\/wp\/v2\/types\/page"}],"author":[{"embeddable":true,"href":"https:\/\/laraazul.de\/en\/wp-json\/wp\/v2\/users\/1"}],"replies":[{"embeddable":true,"href":"https:\/\/laraazul.de\/en\/wp-json\/wp\/v2\/comments?post=399"}],"version-history":[{"count":3,"href":"https:\/\/laraazul.de\/en\/wp-json\/wp\/v2\/pages\/399\/revisions"}],"predecessor-version":[{"id":499,"href":"https:\/\/laraazul.de\/en\/wp-json\/wp\/v2\/pages\/399\/revisions\/499"}],"wp:attachment":[{"href":"https:\/\/laraazul.de\/en\/wp-json\/wp\/v2\/media?parent=399"}],"curies":[{"name":"wp","href":"https:\/\/api.w.org\/{rel}","templated":true}]}}