{"id":553,"date":"2024-10-14T21:35:25","date_gmt":"2024-10-14T19:35:25","guid":{"rendered":"https:\/\/laraazul.de\/?page_id=553"},"modified":"2024-10-14T21:39:20","modified_gmt":"2024-10-14T19:39:20","slug":"swamp","status":"publish","type":"page","link":"https:\/\/laraazul.de\/en\/swamp\/","title":{"rendered":"Swamp"},"content":{"rendered":"<p>[et_pb_section fb_built=&#8220;1&#8243; _builder_version=&#8220;4.27.2&#8243; _module_preset=&#8220;default&#8220; global_colors_info=&#8220;{}&#8220; locked=&#8220;off&#8220; theme_builder_area=&#8220;post_content&#8220;][et_pb_row _builder_version=&#8220;4.27.2&#8243; _module_preset=&#8220;default&#8220; global_colors_info=&#8220;{}&#8220; theme_builder_area=&#8220;post_content&#8220;][et_pb_column type=&#8220;4_4&#8243; _builder_version=&#8220;4.27.2&#8243; _module_preset=&#8220;default&#8220; global_colors_info=&#8220;{}&#8220; theme_builder_area=&#8220;post_content&#8220;][et_pb_text _builder_version=&#8220;4.27.2&#8243; _module_preset=&#8220;default&#8220; text_font=&#8220;&#8211;et_global_heading_font||||||||&#8220; text_text_color=&#8220;#002875&#8243; text_font_size=&#8220;30px&#8220; hover_enabled=&#8220;0&#8243; global_colors_info=&#8220;{}&#8220; theme_builder_area=&#8220;post_content&#8220; sticky_enabled=&#8220;0&#8243;]<\/p>\n<p><span>Swamp<\/span><\/p>\n<p>[\/et_pb_text][et_pb_text _builder_version=&#8220;4.27.2&#8243; _module_preset=&#8220;default&#8220; text_font=&#8220;&#8211;et_global_body_font||||||||&#8220; text_text_color=&#8220;#080708&#8243; text_font_size=&#8220;20px&#8220; hover_enabled=&#8220;0&#8243; global_colors_info=&#8220;{}&#8220; theme_builder_area=&#8220;post_content&#8220; sticky_enabled=&#8220;0&#8243;]<\/p>\n<p class=\"p1\">2018<br \/>Velum-Tex Samba Backlight, fluorescent tubes, wood, cardboard<br \/>180,2 x 270 cm<\/p>\n<p>[\/et_pb_text][\/et_pb_column][\/et_pb_row][et_pb_row column_structure=&#8220;1_2,1_2&#8243; _builder_version=&#8220;4.27.2&#8243; _module_preset=&#8220;default&#8220; global_colors_info=&#8220;{}&#8220; theme_builder_area=&#8220;post_content&#8220;][et_pb_column type=&#8220;1_2&#8243; _builder_version=&#8220;4.27.2&#8243; _module_preset=&#8220;default&#8220; global_colors_info=&#8220;{}&#8220; theme_builder_area=&#8220;post_content&#8220;][et_pb_image src=&#8220;http:\/\/laraazul.de\/wp-content\/uploads\/2024\/10\/Lara.Azul_.7_mirror-blue_2936_72-groot.jpeg&#8220; title_text=&#8220;Lara.Azul.7_mirror + blue_2936_72 groot&#8220; _builder_version=&#8220;4.27.2&#8243; _module_preset=&#8220;default&#8220; hover_enabled=&#8220;0&#8243; global_colors_info=&#8220;{}&#8220; theme_builder_area=&#8220;post_content&#8220; sticky_enabled=&#8220;0&#8243;][\/et_pb_image][et_pb_image src=&#8220;http:\/\/laraazul.de\/wp-content\/uploads\/2024\/10\/LM24_Schloss-Biesdorf_Traumaland_020-1-scaled.jpg&#8220; _builder_version=&#8220;4.27.2&#8243; _module_preset=&#8220;default&#8220; title_text=&#8220;LM24_Schloss Biesdorf_Traumaland_020&#8243; hover_enabled=&#8220;0&#8243; sticky_enabled=&#8220;0&#8243; theme_builder_area=&#8220;post_content&#8220;][\/et_pb_image][\/et_pb_column][et_pb_column type=&#8220;1_2&#8243; _builder_version=&#8220;4.27.2&#8243; _module_preset=&#8220;default&#8220; global_colors_info=&#8220;{}&#8220; theme_builder_area=&#8220;post_content&#8220;][et_pb_image src=&#8220;http:\/\/laraazul.de\/wp-content\/uploads\/2024\/10\/LaraAzulGODsDOGs_Swamp_72dpi-groot.jpeg&#8220; title_text=&#8220;LaraAzul+GODsDOGs_Swamp_72dpi groot&#8220; _builder_version=&#8220;4.27.2&#8243; _module_preset=&#8220;default&#8220; hover_enabled=&#8220;0&#8243; global_colors_info=&#8220;{}&#8220; theme_builder_area=&#8220;post_content&#8220; sticky_enabled=&#8220;0&#8243;][\/et_pb_image][et_pb_text _builder_version=&#8220;4.27.2&#8243; _module_preset=&#8220;default&#8220; global_colors_info=&#8220;{}&#8220; theme_builder_area=&#8220;post_content&#8220;]<\/p>\n<p><span style=\"font-weight: 400;\">By partially overexposing and underexposing the original photograph, color reversals are created in which parts of the image appear positive and others negative. This \u201cdisturbance\u201d creates surreal color changes that lend the image a fantastic and haunting atmosphere. This creates an intermediate space between photographic realism and painterly fiction that seduces the viewer into a poetic, dreamlike world.<\/span><\/p>\n<p>[\/et_pb_text][et_pb_image src=&#8220;http:\/\/laraazul.de\/wp-content\/uploads\/2024\/10\/8.png&#8220; _builder_version=&#8220;4.27.2&#8243; _module_preset=&#8220;default&#8220; theme_builder_area=&#8220;post_content&#8220; title_text=&#8220;Schloss Biesdorf, 2023 by Linus Muellerschoen&#8220; hover_enabled=&#8220;0&#8243; sticky_enabled=&#8220;0&#8243;][\/et_pb_image][\/et_pb_column][\/et_pb_row][\/et_pb_section]<\/p>","protected":false},"excerpt":{"rendered":"<p>Swamp2018Velum-Tex Samba Backlight, Leuchtstoffr\u00f6hren, Holz, Karton180,2 x 270 cmDurch partielle \u00dcber- und Unterbelichtung der urspr\u00fcnglichen Fotografie entstehen farbliche Umkehrungen, bei denen Teile des Bildes positiv und andere negativ erscheinen. Diese \u201eSt\u00f6rung\u201c erzeugt surreale Farbver\u00e4nderungen, die dem Bild eine fantastische und eindringliche Atmosph\u00e4re verleihen. Damit entsteht ein Zwischenraum binnen fotografischen Realismus und malerischer Fiktion, die in [&hellip;]<\/p>","protected":false},"author":1,"featured_media":0,"parent":0,"menu_order":0,"comment_status":"closed","ping_status":"closed","template":"","meta":{"_et_pb_use_builder":"on","_et_pb_old_content":"<!-- wp:divi\/placeholder \/-->","_et_gb_content_width":"","footnotes":""},"class_list":["post-553","page","type-page","status-publish","hentry"],"_links":{"self":[{"href":"https:\/\/laraazul.de\/en\/wp-json\/wp\/v2\/pages\/553","targetHints":{"allow":["GET"]}}],"collection":[{"href":"https:\/\/laraazul.de\/en\/wp-json\/wp\/v2\/pages"}],"about":[{"href":"https:\/\/laraazul.de\/en\/wp-json\/wp\/v2\/types\/page"}],"author":[{"embeddable":true,"href":"https:\/\/laraazul.de\/en\/wp-json\/wp\/v2\/users\/1"}],"replies":[{"embeddable":true,"href":"https:\/\/laraazul.de\/en\/wp-json\/wp\/v2\/comments?post=553"}],"version-history":[{"count":3,"href":"https:\/\/laraazul.de\/en\/wp-json\/wp\/v2\/pages\/553\/revisions"}],"predecessor-version":[{"id":558,"href":"https:\/\/laraazul.de\/en\/wp-json\/wp\/v2\/pages\/553\/revisions\/558"}],"wp:attachment":[{"href":"https:\/\/laraazul.de\/en\/wp-json\/wp\/v2\/media?parent=553"}],"curies":[{"name":"wp","href":"https:\/\/api.w.org\/{rel}","templated":true}]}}